{"id":100,"date":"2020-10-10T15:08:32","date_gmt":"2020-10-10T15:08:32","guid":{"rendered":"https:\/\/demo.themedraft.net\/wp\/borex\/?page_id=100"},"modified":"2024-08-28T17:04:59","modified_gmt":"2024-08-28T17:04:59","slug":"hizmetlerimiz","status":"publish","type":"page","link":"https:\/\/runox.com.tr\/?page_id=100","title":{"rendered":"Hizmetlerimiz"},"content":{"rendered":"\t\t<div data-elementor-type=\"wp-page\" data-elementor-id=\"100\" class=\"elementor elementor-100\">\n\t\t\t\t\t\t<section class=\"elementor-section elementor-top-section elementor-element elementor-element-38f33df elementor-section-stretched elementor-section-boxed elementor-section-height-default elementor-section-height-default\" data-id=\"38f33df\" data-element_type=\"section\" data-settings=\"{&quot;stretch_section&quot;:&quot;section-stretched&quot;,&quot;background_background&quot;:&quot;classic&quot;}\">\n\t\t\t\t\t\t<div class=\"elementor-container elementor-column-gap-default\">\n\t\t\t\t\t<div class=\"elementor-column elementor-col-100 elementor-top-column elementor-element elementor-element-cec726d\" data-id=\"cec726d\" data-element_type=\"column\">\n\t\t\t<div class=\"elementor-widget-wrap elementor-element-populated\">\n\t\t\t\t\t\t<div class=\"elementor-element elementor-element-3060618 elementor-widget elementor-widget-themedraft_section_title_widget\" data-id=\"3060618\" data-element_type=\"widget\" data-widget_type=\"themedraft_section_title_widget.default\">\n\t\t\t\t<div class=\"elementor-widget-container\">\n\t\t\t\t\t\n\t\t<div class=\"td-section-title-wrapper wow fadeInUp\" data-wow-duration=\"1.25s\" data-wow-delay=\"0ms\">\n\t\t\t<div class=\"td-section-title-content\">\n                \t\t\t\t<div class=\"td-section-subtitle td-border-left-right\">\n\t\t\t\t\t<h6 class=\"td-subtitle\">Neler Yap\u0131yoruz?<\/h6>\n\t\t\t\t<\/div>\n                \n\t\t\t\t<div class=\"td-section-title\">\n\t\t\t\t\t<h2 class=\"td-title\">H\u0130ZMETLER\u0130M\u0130Z<\/h2>\n\t\t\t\t<\/div>\n\n                \t\t\t<\/div>\n\t\t<\/div>\n\n\t\t\t\t\t\t<\/div>\n\t\t\t\t<\/div>\n\t\t\t\t\t<\/div>\n\t\t<\/div>\n\t\t\t\t\t<\/div>\n\t\t<\/section>\n\t\t\t\t<section class=\"elementor-section elementor-top-section elementor-element elementor-element-20ff51a elementor-section-stretched elementor-section-boxed elementor-section-height-default elementor-section-height-default\" data-id=\"20ff51a\" data-element_type=\"section\" data-settings=\"{&quot;stretch_section&quot;:&quot;section-stretched&quot;,&quot;background_background&quot;:&quot;classic&quot;}\">\n\t\t\t\t\t\t<div class=\"elementor-container elementor-column-gap-default\">\n\t\t\t\t\t<div class=\"elementor-column elementor-col-100 elementor-top-column elementor-element elementor-element-1630dae\" data-id=\"1630dae\" data-element_type=\"column\">\n\t\t\t<div class=\"elementor-widget-wrap elementor-element-populated\">\n\t\t\t\t\t\t<div class=\"elementor-element elementor-element-5f79b2d elementor-widget elementor-widget-themedraft_service_box_one\" data-id=\"5f79b2d\" data-element_type=\"widget\" data-widget_type=\"themedraft_service_box_one.default\">\n\t\t\t\t<div class=\"elementor-widget-container\">\n\t\t\t\t\t\n\t\t<div class=\"td-service-one-wrapper\">\n            <div class=\"row\">\n\n\t            \n                        <div class=\"col-lg-4 col-md-6\">\n                            <div class=\"td-single-service-box wow fadeInUp\" data-wow-duration=\"1.25s\" data-wow-delay=\"0ms\">\n                                <div class=\"td-service-image\">\n                                    <img decoding=\"async\" class=\"td-service-thumb\" src=\"https:\/\/demo.themedraft.net\/wp\/borex\/wp-content\/uploads\/2020\/10\/services-1.jpg\" alt=\"Service\">\n                                <\/div>\n\n                                <div class=\"td-service-content\">\n                                    <div class=\"td-service-icon\">\n\t\t                                                                            <div class=\"td-icon-wrapper td-font-icon\">\n\t\t\t\t                                <i aria-hidden=\"true\" class=\"td-icon flaticon-business-rich\"><\/i>                                            <\/div>\n\t\t                                                                    <\/div>\n\n                                    <h4 class=\"td-service-title\">GRAF\u0130K TASARIM<\/h4>\n\n                                    <a class=\"td-service-url\" href=\"https:\/\/demo.themedraft.net\/wp\/borex\/service\/financial-global-survey\/\" >Detayl\u0131 Bilgi<\/a>\n                                <\/div>\n                            <\/div>\n                        <\/div>\n\n\t\t\t            \n                        <div class=\"col-lg-4 col-md-6\">\n                            <div class=\"td-single-service-box wow fadeInUp\" data-wow-duration=\"1.25s\" data-wow-delay=\"0ms\">\n                                <div class=\"td-service-image\">\n                                    <img decoding=\"async\" class=\"td-service-thumb\" src=\"https:\/\/demo.themedraft.net\/wp\/borex\/wp-content\/uploads\/2020\/10\/services-2.jpg\" alt=\"Service\">\n                                <\/div>\n\n                                <div class=\"td-service-content\">\n                                    <div class=\"td-service-icon\">\n\t\t                                                                            <div class=\"td-icon-wrapper td-font-icon\">\n\t\t\t\t                                <i aria-hidden=\"true\" class=\"td-icon flaticon-business-presentation\"><\/i>                                            <\/div>\n\t\t                                                                    <\/div>\n\n                                    <h4 class=\"td-service-title\">WEB TASARIM<\/h4>\n\n                                    <a class=\"td-service-url\" href=\"\" >Detayl\u0131 Bilgi<\/a>\n                                <\/div>\n                            <\/div>\n                        <\/div>\n\n\t\t\t            \n                        <div class=\"col-lg-4 col-md-6\">\n                            <div class=\"td-single-service-box wow fadeInUp\" data-wow-duration=\"1.25s\" data-wow-delay=\"0ms\">\n                                <div class=\"td-service-image\">\n                                    <img decoding=\"async\" class=\"td-service-thumb\" src=\"https:\/\/demo.themedraft.net\/wp\/borex\/wp-content\/uploads\/2020\/10\/services-3.jpg\" alt=\"Service\">\n                                <\/div>\n\n                                <div class=\"td-service-content\">\n                                    <div class=\"td-service-icon\">\n\t\t                                                                            <div class=\"td-icon-wrapper td-font-icon\">\n\t\t\t\t                                <i aria-hidden=\"true\" class=\"td-icon flaticon-business-investment\"><\/i>                                            <\/div>\n\t\t                                                                    <\/div>\n\n                                    <h4 class=\"td-service-title\">SOSYAL MEDYA<\/h4>\n\n                                    <a class=\"td-service-url\" href=\"\" >Daha Fazla Bilgi<\/a>\n                                <\/div>\n                            <\/div>\n                        <\/div>\n\n\t\t\t            \n                        <div class=\"col-lg-4 col-md-6\">\n                            <div class=\"td-single-service-box wow fadeInUp\" data-wow-duration=\"1.25s\" data-wow-delay=\"0ms\">\n                                <div class=\"td-service-image\">\n                                    <img decoding=\"async\" class=\"td-service-thumb\" src=\"https:\/\/demo.themedraft.net\/wp\/borex\/wp-content\/uploads\/2020\/10\/services-4.jpg\" alt=\"Service\">\n                                <\/div>\n\n                                <div class=\"td-service-content\">\n                                    <div class=\"td-service-icon\">\n\t\t                                                                            <div class=\"td-icon-wrapper td-font-icon\">\n\t\t\t\t                                <i aria-hidden=\"true\" class=\"td-icon flaticon-business-around\"><\/i>                                            <\/div>\n\t\t                                                                    <\/div>\n\n                                    <h4 class=\"td-service-title\">REKLAM \u00dcR\u00dcNLER\u0130<\/h4>\n\n                                    <a class=\"td-service-url\" href=\"\" >Detayl\u0131 Bilgi<\/a>\n                                <\/div>\n                            <\/div>\n                        <\/div>\n\n\t\t\t            \n                        <div class=\"col-lg-4 col-md-6\">\n                            <div class=\"td-single-service-box wow fadeInUp\" data-wow-duration=\"1.25s\" data-wow-delay=\"0ms\">\n                                <div class=\"td-service-image\">\n                                    <img decoding=\"async\" class=\"td-service-thumb\" src=\"https:\/\/demo.themedraft.net\/wp\/borex\/wp-content\/uploads\/2020\/10\/services-5.jpg\" alt=\"service\">\n                                <\/div>\n\n                                <div class=\"td-service-content\">\n                                    <div class=\"td-service-icon\">\n\t\t                                                                            <div class=\"td-icon-wrapper td-font-icon\">\n\t\t\t\t                                <i aria-hidden=\"true\" class=\"td-icon flaticon-business-achieve\"><\/i>                                            <\/div>\n\t\t                                                                    <\/div>\n\n                                    <h4 class=\"td-service-title\">DAVET\u0130YE<\/h4>\n\n                                    <a class=\"td-service-url\" href=\"\" >Detayl\u0131 Bilgi<\/a>\n                                <\/div>\n                            <\/div>\n                        <\/div>\n\n\t\t\t            \n                        <div class=\"col-lg-4 col-md-6\">\n                            <div class=\"td-single-service-box wow fadeInUp\" data-wow-duration=\"1.25s\" data-wow-delay=\"0ms\">\n                                <div class=\"td-service-image\">\n                                    <img decoding=\"async\" class=\"td-service-thumb\" src=\"https:\/\/demo.themedraft.net\/wp\/borex\/wp-content\/uploads\/2020\/10\/services-6.jpg\" alt=\"Service\">\n                                <\/div>\n\n                                <div class=\"td-service-content\">\n                                    <div class=\"td-service-icon\">\n\t\t                                                                            <div class=\"td-icon-wrapper td-font-icon\">\n\t\t\t\t                                <i aria-hidden=\"true\" class=\"td-icon flaticon-business-piggy-bank\"><\/i>                                            <\/div>\n\t\t                                                                    <\/div>\n\n                                    <h4 class=\"td-service-title\">PROMOSYON<\/h4>\n\n                                    <a class=\"td-service-url\" href=\"\" >Detayl\u0131 Bilgi<\/a>\n                                <\/div>\n                            <\/div>\n                        <\/div>\n\n\t\t\t                        <\/div>\n\t\t<\/div>\n\n\t\t\t\t\t\t<\/div>\n\t\t\t\t<\/div>\n\t\t\t\t\t<\/div>\n\t\t<\/div>\n\t\t\t\t\t<\/div>\n\t\t<\/section>\n\t\t\t\t<\/div>\n\t\t","protected":false},"excerpt":{"rendered":"<p>Neler Yap\u0131yoruz? H\u0130ZMETLER\u0130M\u0130Z GRAF\u0130K TASARIM Detayl\u0131 Bilgi WEB TASARIM Detayl\u0131 Bilgi SOSYAL MEDYA Daha Fazla Bilgi REKLAM \u00dcR\u00dcNLER\u0130 Detayl\u0131 Bilgi DAVET\u0130YE Detayl\u0131 Bilgi PROMOSYON Detayl\u0131 Bilgi<\/p>\n","protected":false},"author":1,"featured_media":0,"parent":0,"menu_order":0,"comment_status":"closed","ping_status":"closed","template":"","meta":{"footnotes":""},"class_list":["post-100","page","type-page","status-publish","hentry"],"_links":{"self":[{"href":"https:\/\/runox.com.tr\/index.php?rest_route=\/wp\/v2\/pages\/100","targetHints":{"allow":["GET"]}}],"collection":[{"href":"https:\/\/runox.com.tr\/index.php?rest_route=\/wp\/v2\/pages"}],"about":[{"href":"https:\/\/runox.com.tr\/index.php?rest_route=\/wp\/v2\/types\/page"}],"author":[{"embeddable":true,"href":"https:\/\/runox.com.tr\/index.php?rest_route=\/wp\/v2\/users\/1"}],"replies":[{"embeddable":true,"href":"https:\/\/runox.com.tr\/index.php?rest_route=%2Fwp%2Fv2%2Fcomments&post=100"}],"version-history":[{"count":5,"href":"https:\/\/runox.com.tr\/index.php?rest_route=\/wp\/v2\/pages\/100\/revisions"}],"predecessor-version":[{"id":304,"href":"https:\/\/runox.com.tr\/index.php?rest_route=\/wp\/v2\/pages\/100\/revisions\/304"}],"wp:attachment":[{"href":"https:\/\/runox.com.tr\/index.php?rest_route=%2Fwp%2Fv2%2Fmedia&parent=100"}],"curies":[{"name":"wp","href":"https:\/\/api.w.org\/{rel}","templated":true}]}}